{"id":59,"date":"2023-01-31T16:57:24","date_gmt":"2023-01-31T16:57:24","guid":{"rendered":"https:\/\/menzel.tmbe.me\/?page_id=59"},"modified":"2023-01-31T17:00:03","modified_gmt":"2023-01-31T17:00:03","slug":"anfahrt","status":"publish","type":"page","link":"https:\/\/menzel.tmbe.me\/?page_id=59","title":{"rendered":"Anfahrt"},"content":{"rendered":"\n<iframe src=\"https:\/\/www.google.com\/maps\/embed?pb=!1m18!1m12!1m3!1d2461.6733833790954!2d10.416310116273525!3d51.90342437970234!2m3!1f0!2f0!3f0!3m2!1i1024!2i768!4f13.1!3m3!1m2!1s0x47a5409f6bf6436b%3A0x28500128a2631ac7!2sFrankenberger%20Plan%206%2C%2038640%20Goslar!5e0!3m2!1sde!2sde!4v1675184167600!5m2!1sde!2sde\" style=\"border:0;\" allowfullscreen=\"\" loading=\"lazy\" referrerpolicy=\"no-referrer-when-downgrade\" width=\"600\" height=\"450\"><\/iframe>\n\n\n\n<p>Parkpl\u00e4tze auf dem Frankenberger Plan. Dann Aufgang durch das Tor mit der Aufschrift Kloster Frankenberg. F\u00fcr gehbehinderte Patienten und Rollstuhlfahrer gibt es einen Zugang vom Claustorwall aus nach vorheriger R\u00fccksprache.<\/p>\n","protected":false},"excerpt":{"rendered":"<p>Parkpl\u00e4tze auf dem Frankenberger Plan. Dann Aufgang durch das Tor mit der Aufschrift Kloster Frankenberg. F\u00fcr gehbehinderte Patienten und Rollstuhlfahrer gibt es einen Zugang vom Claustorwall aus nach vorheriger R\u00fccksprache.<\/p>\n","protected":false},"author":1,"featured_media":63,"parent":0,"menu_order":0,"comment_status":"closed","ping_status":"closed","template":"","meta":{"footnotes":""},"class_list":["post-59","page","type-page","status-publish","has-post-thumbnail","hentry"],"_links":{"self":[{"href":"https:\/\/menzel.tmbe.me\/index.php?rest_route=\/wp\/v2\/pages\/59","targetHints":{"allow":["GET"]}}],"collection":[{"href":"https:\/\/menzel.tmbe.me\/index.php?rest_route=\/wp\/v2\/pages"}],"about":[{"href":"https:\/\/menzel.tmbe.me\/index.php?rest_route=\/wp\/v2\/types\/page"}],"author":[{"embeddable":true,"href":"https:\/\/menzel.tmbe.me\/index.php?rest_route=\/wp\/v2\/users\/1"}],"replies":[{"embeddable":true,"href":"https:\/\/menzel.tmbe.me\/index.php?rest_route=%2Fwp%2Fv2%2Fcomments&post=59"}],"version-history":[{"count":2,"href":"https:\/\/menzel.tmbe.me\/index.php?rest_route=\/wp\/v2\/pages\/59\/revisions"}],"predecessor-version":[{"id":64,"href":"https:\/\/menzel.tmbe.me\/index.php?rest_route=\/wp\/v2\/pages\/59\/revisions\/64"}],"wp:featuredmedia":[{"embeddable":true,"href":"https:\/\/menzel.tmbe.me\/index.php?rest_route=\/wp\/v2\/media\/63"}],"wp:attachment":[{"href":"https:\/\/menzel.tmbe.me\/index.php?rest_route=%2Fwp%2Fv2%2Fmedia&parent=59"}],"curies":[{"name":"wp","href":"https:\/\/api.w.org\/{rel}","templated":true}]}}