{"id":40,"date":"2023-01-30T18:30:19","date_gmt":"2023-01-30T18:30:19","guid":{"rendered":"https:\/\/menzel.tmbe.me\/?page_id=40"},"modified":"2023-02-06T09:09:55","modified_gmt":"2023-02-06T09:09:55","slug":"sprechzeiten","status":"publish","type":"page","link":"https:\/\/menzel.tmbe.me\/?page_id=40","title":{"rendered":"Die Balance von K\u00f6rper, Geist und Seele"},"content":{"rendered":"\n<p>Die individuelle Patientenbetreuung mit ausreichend Zeit liegt mir besonders am Herzen. Gespr\u00e4che und Zuh\u00f6ren sind ein wichtiger Faktor. Aufgrund meiner Ausbildung und meines Werdegangs ist mir ein ganzheitlicher Ansatz, in dem K\u00f6rper, Seele und Geist ber\u00fccksichtigt werden, ein Anliegen. <\/p>\n\n\n\n<p>Neben meiner gr\u00fcndlichen Weiterbildung in Allgemeinmedizin und Innerer Medizin kommt die anthroposophisch-erweiterte Medizin zum Einsatz, die sich als sinnvolle Erg\u00e4nzung zur so genannten Schulmedizin erweist. Eine besondere&nbsp; Spezialisierung ist die komplement\u00e4re Krebsbehandlung durch Mistelpr\u00e4parate. <\/p>\n\n\n\n<p>Meine Praxis ist privat\u00e4rztlich gef\u00fchrt und f\u00fcr Selbstzahler. F\u00fcr Psychotherapie besteht allerdings unter Umst\u00e4nden die M\u00f6glichkeit der Kostenerstattung f\u00fcr gesetzlich Versicherte. Gerne informiere ich Sie dar\u00fcber.<\/p>\n","protected":false},"excerpt":{"rendered":"<p>Die individuelle Patientenbetreuung mit ausreichend Zeit liegt mir besonders am Herzen. Gespr\u00e4che und Zuh\u00f6ren sind ein wichtiger Faktor. Aufgrund meiner Ausbildung und meines Werdegangs ist mir ein ganzheitlicher Ansatz, in dem K\u00f6rper, Seele und Geist ber\u00fccksichtigt werden, ein Anliegen. Neben meiner gr\u00fcndlichen Weiterbildung in Allgemeinmedizin und Innerer Medizin kommt die anthroposophisch-erweiterte Medizin zum Einsatz, die &hellip; <\/p>\n<p class=\"link-more\"><a href=\"https:\/\/menzel.tmbe.me\/?page_id=40\" class=\"more-link\"><span class=\"screen-reader-text\">\u201eDie Balance von K\u00f6rper, Geist und Seele\u201c<\/span> weiterlesen<\/a><\/p>\n","protected":false},"author":1,"featured_media":103,"parent":0,"menu_order":0,"comment_status":"closed","ping_status":"closed","template":"","meta":{"footnotes":""},"class_list":["post-40","page","type-page","status-publish","has-post-thumbnail","hentry"],"_links":{"self":[{"href":"https:\/\/menzel.tmbe.me\/index.php?rest_route=\/wp\/v2\/pages\/40","targetHints":{"allow":["GET"]}}],"collection":[{"href":"https:\/\/menzel.tmbe.me\/index.php?rest_route=\/wp\/v2\/pages"}],"about":[{"href":"https:\/\/menzel.tmbe.me\/index.php?rest_route=\/wp\/v2\/types\/page"}],"author":[{"embeddable":true,"href":"https:\/\/menzel.tmbe.me\/index.php?rest_route=\/wp\/v2\/users\/1"}],"replies":[{"embeddable":true,"href":"https:\/\/menzel.tmbe.me\/index.php?rest_route=%2Fwp%2Fv2%2Fcomments&post=40"}],"version-history":[{"count":9,"href":"https:\/\/menzel.tmbe.me\/index.php?rest_route=\/wp\/v2\/pages\/40\/revisions"}],"predecessor-version":[{"id":82,"href":"https:\/\/menzel.tmbe.me\/index.php?rest_route=\/wp\/v2\/pages\/40\/revisions\/82"}],"wp:featuredmedia":[{"embeddable":true,"href":"https:\/\/menzel.tmbe.me\/index.php?rest_route=\/wp\/v2\/media\/103"}],"wp:attachment":[{"href":"https:\/\/menzel.tmbe.me\/index.php?rest_route=%2Fwp%2Fv2%2Fmedia&parent=40"}],"curies":[{"name":"wp","href":"https:\/\/api.w.org\/{rel}","templated":true}]}}