{"id":2,"date":"2023-01-26T18:03:32","date_gmt":"2023-01-26T18:03:32","guid":{"rendered":"https:\/\/menzel.tmbe.me\/?page_id=2"},"modified":"2023-02-04T13:36:25","modified_gmt":"2023-02-04T13:36:25","slug":"sample-page","status":"publish","type":"page","link":"https:\/\/menzel.tmbe.me\/","title":{"rendered":"Herzlich willkommen"},"content":{"rendered":"\n<p> in der Praxis Dr. med. Claudia Menzel im romantischen Kloster Frankenberg in der Altstadt Goslars.<\/p>\n\n\n\n<p>Termine ausschlie\u00dflich nach Vereinbarung unter 016096690322 grunds\u00e4tzlich von 8.00 bis 18.00 Uhr. Sollte diese Telefonnummer f\u00fcr Anrufe nicht erreichbar sein, bitte unter der gleichen Rufnummer eine SMS senden. Kontaktaufnahme auch per E-Mail unter<br><a rel=\"noreferrer noopener\" href=\"mailto:Dr-Menzel@Privatpraxis-Menzel.de\" target=\"_blank\">Dr-Menzel@Privatpraxis-Menzel.de<\/a>.<\/p>\n","protected":false},"excerpt":{"rendered":"<p>in der Praxis Dr. med. Claudia Menzel im romantischen Kloster Frankenberg in der Altstadt Goslars. Termine ausschlie\u00dflich nach Vereinbarung unter 016096690322 grunds\u00e4tzlich von 8.00 bis 18.00 Uhr. Sollte diese Telefonnummer f\u00fcr Anrufe nicht erreichbar sein, bitte unter der gleichen Rufnummer eine SMS senden. Kontaktaufnahme auch per E-Mail unterDr-Menzel@Privatpraxis-Menzel.de.<\/p>\n","protected":false},"author":1,"featured_media":48,"parent":0,"menu_order":0,"comment_status":"closed","ping_status":"open","template":"","meta":{"footnotes":""},"class_list":["post-2","page","type-page","status-publish","has-post-thumbnail","hentry"],"_links":{"self":[{"href":"https:\/\/menzel.tmbe.me\/index.php?rest_route=\/wp\/v2\/pages\/2","targetHints":{"allow":["GET"]}}],"collection":[{"href":"https:\/\/menzel.tmbe.me\/index.php?rest_route=\/wp\/v2\/pages"}],"about":[{"href":"https:\/\/menzel.tmbe.me\/index.php?rest_route=\/wp\/v2\/types\/page"}],"author":[{"embeddable":true,"href":"https:\/\/menzel.tmbe.me\/index.php?rest_route=\/wp\/v2\/users\/1"}],"replies":[{"embeddable":true,"href":"https:\/\/menzel.tmbe.me\/index.php?rest_route=%2Fwp%2Fv2%2Fcomments&post=2"}],"version-history":[{"count":4,"href":"https:\/\/menzel.tmbe.me\/index.php?rest_route=\/wp\/v2\/pages\/2\/revisions"}],"predecessor-version":[{"id":76,"href":"https:\/\/menzel.tmbe.me\/index.php?rest_route=\/wp\/v2\/pages\/2\/revisions\/76"}],"wp:featuredmedia":[{"embeddable":true,"href":"https:\/\/menzel.tmbe.me\/index.php?rest_route=\/wp\/v2\/media\/48"}],"wp:attachment":[{"href":"https:\/\/menzel.tmbe.me\/index.php?rest_route=%2Fwp%2Fv2%2Fmedia&parent=2"}],"curies":[{"name":"wp","href":"https:\/\/api.w.org\/{rel}","templated":true}]}}